{"id":250604,"date":"2025-12-06T18:22:46","date_gmt":"2025-12-06T18:22:46","guid":{"rendered":"https:\/\/conaisa.org\/?page_id=250604"},"modified":"2025-12-07T03:10:31","modified_gmt":"2025-12-07T03:10:31","slug":"contactanos","status":"publish","type":"page","link":"https:\/\/conaisa.org\/?page_id=250604","title":{"rendered":"Cont\u00e1ctanos"},"content":{"rendered":"<p>[et_pb_section fb_built=\u00bb1&#8243; admin_label=\u00bbHeader\u00bb _builder_version=\u00bb4.27.5&#8243; _module_preset=\u00bbdefault\u00bb background_enable_color=\u00bboff\u00bb use_background_color_gradient=\u00bbon\u00bb background_color_gradient_stops=\u00bb#012340 20%|#638942 77%\u00bb background_color_gradient_overlays_image=\u00bbon\u00bb background_image=\u00bbhttps:\/\/conaisa.org\/wp-content\/uploads\/2025\/12\/financial-technology-29f-scaled.jpg\u00bb background_size=\u00bbinitial\u00bb background_position=\u00bbtop_center\u00bb background_enable_pattern_style=\u00bbon\u00bb background_pattern_style=\u00bbscallops\u00bb background_pattern_color=\u00bbrgba(0,0,0,0.6)\u00bb background_pattern_size=\u00bbcustom\u00bb background_pattern_width=\u00bb8px\u00bb custom_margin=\u00bb-91px||-91px||true|false\u00bb custom_padding=\u00bb100px||100px||true|false\u00bb collapsed=\u00bbon\u00bb global_colors_info=\u00bb{%22gcid-9ae412ef-a7ae-42a5-ab5b-f691fccab059%22:%91%22background_color%22,%22background_color_gradient_stops%22%93}\u00bb][et_pb_row column_structure=\u00bb2_3,1_3&#8243; _builder_version=\u00bb4.19.2&#8243; _module_preset=\u00bbdefault\u00bb global_colors_info=\u00bb{}\u00bb][et_pb_column type=\u00bb2_3&#8243; _builder_version=\u00bb4.19.2&#8243; _module_preset=\u00bbdefault\u00bb global_colors_info=\u00bb{}\u00bb][et_pb_text _builder_version=\u00bb4.19.2&#8243; _module_preset=\u00bb6b6e40d1-dabe-49d7-bc19-f7cdc8b8bb14&#8243; custom_margin=\u00bb||10px||false|false\u00bb global_colors_info=\u00bb{}\u00bb]<\/p>\n<h1><b>Cont\u00e1ctanos<\/b><\/h1>\n<p>[\/et_pb_text][et_pb_text _builder_version=\u00bb4.27.5&#8243; _module_preset=\u00bbc7bc7ce1-7046-428b-91a3-039b4f582e78&#8243; global_colors_info=\u00bb{}\u00bb]<\/p>\n<p>Complete el siguiente formulario y uno de nuestros especialistas le responder\u00e1 a la mayor brevedad.<\/p>\n<p>[\/et_pb_text][\/et_pb_column][et_pb_column type=\u00bb1_3&#8243; _builder_version=\u00bb4.19.2&#8243; _module_preset=\u00bbdefault\u00bb global_colors_info=\u00bb{}\u00bb][et_pb_image src=\u00bbhttps:\/\/conaisa.org\/wp-content\/uploads\/2025\/12\/financial-technology-37.png\u00bb title_text=\u00bbfinancial-technology-37&#8243; _builder_version=\u00bb4.19.2&#8243; _module_preset=\u00bbdefault\u00bb max_height_tablet=\u00bb100px\u00bb max_height_phone=\u00bb100px\u00bb max_height_last_edited=\u00bbon|tablet\u00bb custom_margin=\u00bb|-10vw|||false|false\u00bb custom_margin_tablet=\u00bb|0vw|||false|false\u00bb custom_margin_phone=\u00bb|0vw|||false|false\u00bb custom_margin_last_edited=\u00bbon|tablet\u00bb global_colors_info=\u00bb{}\u00bb][\/et_pb_image][\/et_pb_column][\/et_pb_row][et_pb_row column_structure=\u00bb1_3,1_3,1_3&#8243; _builder_version=\u00bb4.19.2&#8243; _module_preset=\u00bbdefault\u00bb saved_tabs=\u00bball\u00bb locked=\u00bboff\u00bb global_colors_info=\u00bb{}\u00bb][et_pb_column type=\u00bb1_3&#8243; _builder_version=\u00bb4.19.2&#8243; _module_preset=\u00bbdefault\u00bb use_background_color_gradient=\u00bbon\u00bb background_color_gradient_direction=\u00bb210deg\u00bb background_color_gradient_stops=\u00bbrgba(255,255,255,0.1) 20%|rgba(255,255,255,0) 70%\u00bb custom_padding=\u00bb30px|30px|30px|30px|true|true\u00bb custom_padding_tablet=\u00bb30px|30px|30px|30px|true|true\u00bb custom_padding_phone=\u00bb20px|20px|20px|20px|true|true\u00bb custom_padding_last_edited=\u00bbon|desktop\u00bb border_radii=\u00bbon|30px|30px|30px|30px\u00bb box_shadow_style=\u00bbpreset4&#8243; box_shadow_horizontal=\u00bb50px\u00bb box_shadow_vertical=\u00bb-50px\u00bb box_shadow_blur=\u00bb80px\u00bb box_shadow_color=\u00bbrgba(9,9,21,0.35)\u00bb global_colors_info=\u00bb{}\u00bb][et_pb_blurb use_icon=\u00bbon\u00bb font_icon=\u00bb&#xf007;||fa||900&#8243; _builder_version=\u00bb4.27.5&#8243; _module_preset=\u00bbac3d70f6-8b19-47fb-b004-1766efb9ac43&#8243; custom_margin=\u00bb||0px||false|false\u00bb locked=\u00bboff\u00bb global_colors_info=\u00bb{}\u00bb][\/et_pb_blurb][et_pb_text _builder_version=\u00bb4.27.5&#8243; _module_preset=\u00bb03946860-82ae-47d6-ba1e-00cb1d2766e9&#8243; custom_margin=\u00bb||0px||false|false\u00bb global_colors_info=\u00bb{}\u00bb]<\/p>\n<h4><strong>Ronald Fallas Sanchez<\/strong><\/h4>\n<p><strong><span style=\"color: #808080;\">Presidente<\/span><\/strong><\/p>\n<p>[\/et_pb_text][et_pb_text _builder_version=\u00bb4.27.5&#8243; _module_preset=\u00bbc7bc7ce1-7046-428b-91a3-039b4f582e78&#8243; global_colors_info=\u00bb{}\u00bb]<\/p>\n<p>rfallas@conaisa.org<\/p>\n<p>[\/et_pb_text][et_pb_text _builder_version=\u00bb4.27.5&#8243; _module_preset=\u00bb2b945f36-d24f-4dc3-87f3-5887b8b0b8d1&#8243; global_colors_info=\u00bb{}\u00bb]<\/p>\n<p>+ 506 6080 1608<\/p>\n<p>[\/et_pb_text][\/et_pb_column][et_pb_column type=\u00bb1_3&#8243; _builder_version=\u00bb4.19.2&#8243; _module_preset=\u00bbdefault\u00bb use_background_color_gradient=\u00bbon\u00bb background_color_gradient_direction=\u00bb210deg\u00bb background_color_gradient_stops=\u00bbrgba(255,255,255,0.1) 20%|rgba(255,255,255,0) 70%\u00bb custom_padding=\u00bb30px|30px|30px|30px|true|true\u00bb custom_padding_tablet=\u00bb30px|30px|30px|30px|true|true\u00bb custom_padding_phone=\u00bb20px|20px|20px|20px|true|true\u00bb custom_padding_last_edited=\u00bbon|desktop\u00bb border_radii=\u00bbon|30px|30px|30px|30px\u00bb box_shadow_style=\u00bbpreset4&#8243; box_shadow_horizontal=\u00bb50px\u00bb box_shadow_vertical=\u00bb-50px\u00bb box_shadow_blur=\u00bb80px\u00bb box_shadow_color=\u00bbrgba(9,9,21,0.35)\u00bb global_colors_info=\u00bb{}\u00bb][et_pb_blurb use_icon=\u00bbon\u00bb font_icon=\u00bb&#xf406;||fa||900&#8243; _builder_version=\u00bb4.27.5&#8243; _module_preset=\u00bbac3d70f6-8b19-47fb-b004-1766efb9ac43&#8243; custom_margin=\u00bb||0px||false|false\u00bb locked=\u00bboff\u00bb global_colors_info=\u00bb{}\u00bb][\/et_pb_blurb][et_pb_text _builder_version=\u00bb4.27.5&#8243; _module_preset=\u00bb03946860-82ae-47d6-ba1e-00cb1d2766e9&#8243; custom_margin=\u00bb||0px||false|false\u00bb locked=\u00bboff\u00bb global_colors_info=\u00bb{}\u00bb]<\/p>\n<h4>Carlos Solano Z\u00fa\u00f1iga<\/h4>\n<p><strong><span style=\"color: #808080;\">Director\u00a0<\/span><\/strong><\/p>\n<p>[\/et_pb_text][et_pb_text _builder_version=\u00bb4.27.5&#8243; _module_preset=\u00bbc7bc7ce1-7046-428b-91a3-039b4f582e78&#8243; locked=\u00bboff\u00bb global_colors_info=\u00bb{}\u00bb]<\/p>\n<p>csolano@conaisa.org<\/p>\n<p>[\/et_pb_text][et_pb_text _builder_version=\u00bb4.27.5&#8243; _module_preset=\u00bb2b945f36-d24f-4dc3-87f3-5887b8b0b8d1&#8243; locked=\u00bboff\u00bb global_colors_info=\u00bb{}\u00bb]<\/p>\n<p>+ 506 6358 8794<\/p>\n<p>[\/et_pb_text][\/et_pb_column][et_pb_column type=\u00bb1_3&#8243; _builder_version=\u00bb4.19.2&#8243; _module_preset=\u00bbdefault\u00bb use_background_color_gradient=\u00bbon\u00bb background_color_gradient_direction=\u00bb210deg\u00bb background_color_gradient_stops=\u00bbrgba(255,255,255,0.1) 20%|rgba(255,255,255,0) 70%\u00bb custom_padding=\u00bb30px|30px|30px|30px|true|true\u00bb custom_padding_tablet=\u00bb30px|30px|30px|30px|true|true\u00bb custom_padding_phone=\u00bb20px|20px|20px|20px|true|true\u00bb custom_padding_last_edited=\u00bbon|desktop\u00bb border_radii=\u00bbon|30px|30px|30px|30px\u00bb box_shadow_style=\u00bbpreset4&#8243; box_shadow_horizontal=\u00bb50px\u00bb box_shadow_vertical=\u00bb-50px\u00bb box_shadow_blur=\u00bb80px\u00bb box_shadow_color=\u00bbrgba(9,9,21,0.35)\u00bb global_colors_info=\u00bb{}\u00bb][et_pb_blurb use_icon=\u00bbon\u00bb font_icon=\u00bb&#xf406;||fa||900&#8243; _builder_version=\u00bb4.27.5&#8243; _module_preset=\u00bbac3d70f6-8b19-47fb-b004-1766efb9ac43&#8243; custom_margin=\u00bb||0px||false|false\u00bb locked=\u00bboff\u00bb global_colors_info=\u00bb{}\u00bb][\/et_pb_blurb][et_pb_text _builder_version=\u00bb4.27.5&#8243; _module_preset=\u00bb03946860-82ae-47d6-ba1e-00cb1d2766e9&#8243; custom_margin=\u00bb||0px||false|false\u00bb locked=\u00bboff\u00bb global_colors_info=\u00bb{}\u00bb]<\/p>\n<h4>Jose Luis Loria Ch\u00e1vez<\/h4>\n<p><strong><span style=\"color: #808080;\">Director\u00a0<\/span><\/strong><\/p>\n<p>[\/et_pb_text][et_pb_text _builder_version=\u00bb4.27.5&#8243; _module_preset=\u00bbc7bc7ce1-7046-428b-91a3-039b4f582e78&#8243; custom_padding=\u00bb||2px|||\u00bb locked=\u00bboff\u00bb global_colors_info=\u00bb{}\u00bb]<\/p>\n<p>jloria@conaisa.org<\/p>\n<p>[\/et_pb_text][et_pb_text _builder_version=\u00bb4.27.5&#8243; _module_preset=\u00bb2b945f36-d24f-4dc3-87f3-5887b8b0b8d1&#8243; locked=\u00bboff\u00bb global_colors_info=\u00bb{}\u00bb][\/et_pb_text][\/et_pb_column][\/et_pb_row][et_pb_row column_structure=\u00bb1_3,1_3,1_3&#8243; _builder_version=\u00bb4.19.2&#8243; _module_preset=\u00bbdefault\u00bb saved_tabs=\u00bball\u00bb locked=\u00bboff\u00bb global_colors_info=\u00bb{}\u00bb][et_pb_column type=\u00bb1_3&#8243; _builder_version=\u00bb4.19.2&#8243; _module_preset=\u00bbdefault\u00bb use_background_color_gradient=\u00bbon\u00bb background_color_gradient_direction=\u00bb210deg\u00bb background_color_gradient_stops=\u00bbrgba(255,255,255,0.1) 20%|rgba(255,255,255,0) 70%\u00bb custom_padding=\u00bb30px|30px|30px|30px|true|true\u00bb custom_padding_tablet=\u00bb30px|30px|30px|30px|true|true\u00bb custom_padding_phone=\u00bb20px|20px|20px|20px|true|true\u00bb custom_padding_last_edited=\u00bbon|desktop\u00bb border_radii=\u00bbon|30px|30px|30px|30px\u00bb box_shadow_style=\u00bbpreset4&#8243; box_shadow_horizontal=\u00bb50px\u00bb box_shadow_vertical=\u00bb-50px\u00bb box_shadow_blur=\u00bb80px\u00bb box_shadow_color=\u00bbrgba(9,9,21,0.35)\u00bb global_colors_info=\u00bb{}\u00bb][et_pb_blurb use_icon=\u00bbon\u00bb font_icon=\u00bb&#xf007;||fa||900&#8243; _builder_version=\u00bb4.27.5&#8243; _module_preset=\u00bbac3d70f6-8b19-47fb-b004-1766efb9ac43&#8243; custom_margin=\u00bb||0px||false|false\u00bb locked=\u00bboff\u00bb global_colors_info=\u00bb{}\u00bb][\/et_pb_blurb][et_pb_text _builder_version=\u00bb4.27.5&#8243; _module_preset=\u00bb03946860-82ae-47d6-ba1e-00cb1d2766e9&#8243; custom_margin=\u00bb||0px||false|false\u00bb global_colors_info=\u00bb{}\u00bb]<\/p>\n<h4>Jose Manuel Alvarez Cruz<\/h4>\n<p><strong><span style=\"color: #808080;\">Financiero<\/span><\/strong><\/p>\n<p>[\/et_pb_text][et_pb_text _builder_version=\u00bb4.27.5&#8243; _module_preset=\u00bbc7bc7ce1-7046-428b-91a3-039b4f582e78&#8243; global_colors_info=\u00bb{}\u00bb]<\/p>\n<p>jalvarez@conaisa.org<\/p>\n<p>[\/et_pb_text][et_pb_text _builder_version=\u00bb4.27.5&#8243; _module_preset=\u00bb2b945f36-d24f-4dc3-87f3-5887b8b0b8d1&#8243; global_colors_info=\u00bb{}\u00bb][\/et_pb_text][\/et_pb_column][et_pb_column type=\u00bb1_3&#8243; _builder_version=\u00bb4.19.2&#8243; _module_preset=\u00bbdefault\u00bb use_background_color_gradient=\u00bbon\u00bb background_color_gradient_direction=\u00bb210deg\u00bb background_color_gradient_stops=\u00bbrgba(255,255,255,0.1) 20%|rgba(255,255,255,0) 70%\u00bb custom_padding=\u00bb30px|30px|30px|30px|true|true\u00bb custom_padding_tablet=\u00bb30px|30px|30px|30px|true|true\u00bb custom_padding_phone=\u00bb20px|20px|20px|20px|true|true\u00bb custom_padding_last_edited=\u00bbon|desktop\u00bb border_radii=\u00bbon|30px|30px|30px|30px\u00bb box_shadow_style=\u00bbpreset4&#8243; box_shadow_horizontal=\u00bb50px\u00bb box_shadow_vertical=\u00bb-50px\u00bb box_shadow_blur=\u00bb80px\u00bb box_shadow_color=\u00bbrgba(9,9,21,0.35)\u00bb global_colors_info=\u00bb{}\u00bb][et_pb_blurb use_icon=\u00bbon\u00bb font_icon=\u00bb&#xf406;||fa||900&#8243; _builder_version=\u00bb4.27.5&#8243; _module_preset=\u00bbac3d70f6-8b19-47fb-b004-1766efb9ac43&#8243; custom_margin=\u00bb||0px||false|false\u00bb locked=\u00bboff\u00bb global_colors_info=\u00bb{}\u00bb][\/et_pb_blurb][et_pb_text _builder_version=\u00bb4.27.5&#8243; _module_preset=\u00bb03946860-82ae-47d6-ba1e-00cb1d2766e9&#8243; custom_margin=\u00bb||0px||false|false\u00bb locked=\u00bboff\u00bb global_colors_info=\u00bb{}\u00bb]<\/p>\n<h4>Ricardo Brown Ara\u00faz<\/h4>\n<p><strong><span style=\"color: #808080;\">Gerente pa\u00eds \u00a0<\/span><\/strong><\/p>\n<p>[\/et_pb_text][et_pb_text _builder_version=\u00bb4.27.5&#8243; _module_preset=\u00bbc7bc7ce1-7046-428b-91a3-039b4f582e78&#8243; locked=\u00bboff\u00bb global_colors_info=\u00bb{}\u00bb]<\/p>\n<p>rbrown@conaisa.org<\/p>\n<p>[\/et_pb_text][et_pb_text _builder_version=\u00bb4.27.5&#8243; _module_preset=\u00bb2b945f36-d24f-4dc3-87f3-5887b8b0b8d1&#8243; locked=\u00bboff\u00bb global_colors_info=\u00bb{}\u00bb]<\/p>\n<p>+ 507 6670 7985<\/p>\n<p>[\/et_pb_text][\/et_pb_column][et_pb_column type=\u00bb1_3&#8243; _builder_version=\u00bb4.19.2&#8243; _module_preset=\u00bbdefault\u00bb use_background_color_gradient=\u00bbon\u00bb background_color_gradient_direction=\u00bb210deg\u00bb background_color_gradient_stops=\u00bbrgba(255,255,255,0.1) 20%|rgba(255,255,255,0) 70%\u00bb custom_padding=\u00bb30px|30px|30px|30px|true|true\u00bb custom_padding_tablet=\u00bb30px|30px|30px|30px|true|true\u00bb custom_padding_phone=\u00bb20px|20px|20px|20px|true|true\u00bb custom_padding_last_edited=\u00bbon|desktop\u00bb border_radii=\u00bbon|30px|30px|30px|30px\u00bb box_shadow_style=\u00bbpreset4&#8243; box_shadow_horizontal=\u00bb50px\u00bb box_shadow_vertical=\u00bb-50px\u00bb box_shadow_blur=\u00bb80px\u00bb box_shadow_color=\u00bbrgba(9,9,21,0.35)\u00bb global_colors_info=\u00bb{}\u00bb][et_pb_blurb use_icon=\u00bbon\u00bb font_icon=\u00bb&#xf406;||fa||900&#8243; _builder_version=\u00bb4.27.5&#8243; _module_preset=\u00bbac3d70f6-8b19-47fb-b004-1766efb9ac43&#8243; custom_margin=\u00bb||0px||false|false\u00bb locked=\u00bboff\u00bb global_colors_info=\u00bb{}\u00bb][\/et_pb_blurb][et_pb_text _builder_version=\u00bb4.27.5&#8243; _module_preset=\u00bb03946860-82ae-47d6-ba1e-00cb1d2766e9&#8243; custom_margin=\u00bb||0px||false|false\u00bb locked=\u00bboff\u00bb global_colors_info=\u00bb{}\u00bb]<\/p>\n<h4>Francisco Altamirano<\/h4>\n<p><strong><span style=\"color: #808080;\">Relaciones publicas \u00a0<\/span><\/strong><\/p>\n<p>[\/et_pb_text][et_pb_text _builder_version=\u00bb4.27.5&#8243; _module_preset=\u00bbc7bc7ce1-7046-428b-91a3-039b4f582e78&#8243; locked=\u00bboff\u00bb global_colors_info=\u00bb{}\u00bb]<\/p>\n<p>faltamirano@conaisa.org<\/p>\n<p>[\/et_pb_text][et_pb_text _builder_version=\u00bb4.27.5&#8243; _module_preset=\u00bb2b945f36-d24f-4dc3-87f3-5887b8b0b8d1&#8243; locked=\u00bboff\u00bb global_colors_info=\u00bb{}\u00bb][\/et_pb_text][\/et_pb_column][\/et_pb_row][et_pb_row custom_padding_last_edited=\u00bbon|tablet\u00bb _builder_version=\u00bb4.19.5&#8243; _module_preset=\u00bbdefault\u00bb use_background_color_gradient=\u00bbon\u00bb background_color_gradient_direction=\u00bb90deg\u00bb background_color_gradient_stops=\u00bb#f2f2ff 0%|#d7d7f4 100%\u00bb custom_margin=\u00bb60px||||false|false\u00bb custom_padding=\u00bb80px|80px|80px|80px|true|true\u00bb custom_padding_tablet=\u00bb40px|40px|40px|40px|true|true\u00bb custom_padding_phone=\u00bb30px|30px|30px|30px|true|true\u00bb border_radii=\u00bbon|4vw|4vw|4vw|4vw\u00bb locked=\u00bboff\u00bb global_colors_info=\u00bb{}\u00bb][et_pb_column type=\u00bb4_4&#8243; _builder_version=\u00bb4.19.2&#8243; _module_preset=\u00bbdefault\u00bb global_colors_info=\u00bb{}\u00bb][et_pb_contact_form email=\u00bbinfo@conaisa.org\u00bb _builder_version=\u00bb4.27.5&#8243; _module_preset=\u00bbf13d0e3e-1d2c-4a44-b792-a71eedf8dc8a\u00bb button_icon=\u00bb&#xf061;||fa||900&#8243; locked=\u00bboff\u00bb global_colors_info=\u00bb{}\u00bb][et_pb_contact_field field_id=\u00bbName\u00bb field_title=\u00bbNombre\u00bb _builder_version=\u00bb4.27.5&#8243; _module_preset=\u00bbdefault\u00bb global_colors_info=\u00bb{}\u00bb button_text_size__hover_enabled=\u00bboff\u00bb button_one_text_size__hover_enabled=\u00bboff\u00bb button_two_text_size__hover_enabled=\u00bboff\u00bb button_text_color__hover_enabled=\u00bboff\u00bb button_one_text_color__hover_enabled=\u00bboff\u00bb button_two_text_color__hover_enabled=\u00bboff\u00bb button_border_width__hover_enabled=\u00bboff\u00bb button_one_border_width__hover_enabled=\u00bboff\u00bb button_two_border_width__hover_enabled=\u00bboff\u00bb button_border_color__hover_enabled=\u00bboff\u00bb button_one_border_color__hover_enabled=\u00bboff\u00bb button_two_border_color__hover_enabled=\u00bboff\u00bb button_border_radius__hover_enabled=\u00bboff\u00bb button_one_border_radius__hover_enabled=\u00bboff\u00bb button_two_border_radius__hover_enabled=\u00bboff\u00bb button_letter_spacing__hover_enabled=\u00bboff\u00bb button_one_letter_spacing__hover_enabled=\u00bboff\u00bb button_two_letter_spacing__hover_enabled=\u00bboff\u00bb button_bg_color__hover_enabled=\u00bboff\u00bb button_one_bg_color__hover_enabled=\u00bboff\u00bb button_two_bg_color__hover_enabled=\u00bboff\u00bb][\/et_pb_contact_field][et_pb_contact_field field_id=\u00bbEmail\u00bb field_title=\u00bbCorreo\u00bb field_type=\u00bbemail\u00bb _builder_version=\u00bb4.27.5&#8243; _module_preset=\u00bbdefault\u00bb global_colors_info=\u00bb{}\u00bb button_text_size__hover_enabled=\u00bboff\u00bb button_one_text_size__hover_enabled=\u00bboff\u00bb button_two_text_size__hover_enabled=\u00bboff\u00bb button_text_color__hover_enabled=\u00bboff\u00bb button_one_text_color__hover_enabled=\u00bboff\u00bb button_two_text_color__hover_enabled=\u00bboff\u00bb button_border_width__hover_enabled=\u00bboff\u00bb button_one_border_width__hover_enabled=\u00bboff\u00bb button_two_border_width__hover_enabled=\u00bboff\u00bb button_border_color__hover_enabled=\u00bboff\u00bb button_one_border_color__hover_enabled=\u00bboff\u00bb button_two_border_color__hover_enabled=\u00bboff\u00bb button_border_radius__hover_enabled=\u00bboff\u00bb button_one_border_radius__hover_enabled=\u00bboff\u00bb button_two_border_radius__hover_enabled=\u00bboff\u00bb button_letter_spacing__hover_enabled=\u00bboff\u00bb button_one_letter_spacing__hover_enabled=\u00bboff\u00bb button_two_letter_spacing__hover_enabled=\u00bboff\u00bb button_bg_color__hover_enabled=\u00bboff\u00bb button_one_bg_color__hover_enabled=\u00bboff\u00bb button_two_bg_color__hover_enabled=\u00bboff\u00bb][\/et_pb_contact_field][et_pb_contact_field field_id=\u00bbMessage\u00bb field_title=\u00bbMensaje\u00bb field_type=\u00bbtext\u00bb fullwidth_field=\u00bbon\u00bb _builder_version=\u00bb4.27.5&#8243; _module_preset=\u00bbdefault\u00bb global_colors_info=\u00bb{}\u00bb button_text_size__hover_enabled=\u00bboff\u00bb button_one_text_size__hover_enabled=\u00bboff\u00bb button_two_text_size__hover_enabled=\u00bboff\u00bb button_text_color__hover_enabled=\u00bboff\u00bb button_one_text_color__hover_enabled=\u00bboff\u00bb button_two_text_color__hover_enabled=\u00bboff\u00bb button_border_width__hover_enabled=\u00bboff\u00bb button_one_border_width__hover_enabled=\u00bboff\u00bb button_two_border_width__hover_enabled=\u00bboff\u00bb button_border_color__hover_enabled=\u00bboff\u00bb button_one_border_color__hover_enabled=\u00bboff\u00bb button_two_border_color__hover_enabled=\u00bboff\u00bb button_border_radius__hover_enabled=\u00bboff\u00bb button_one_border_radius__hover_enabled=\u00bboff\u00bb button_two_border_radius__hover_enabled=\u00bboff\u00bb button_letter_spacing__hover_enabled=\u00bboff\u00bb button_one_letter_spacing__hover_enabled=\u00bboff\u00bb button_two_letter_spacing__hover_enabled=\u00bboff\u00bb button_bg_color__hover_enabled=\u00bboff\u00bb button_one_bg_color__hover_enabled=\u00bboff\u00bb button_two_bg_color__hover_enabled=\u00bboff\u00bb][\/et_pb_contact_field][\/et_pb_contact_form][\/et_pb_column][\/et_pb_row][\/et_pb_section][et_pb_section fb_built=\u00bb1&#8243; admin_label=\u00bbFAQ\u00bb _builder_version=\u00bb4.27.5&#8243; _module_preset=\u00bbdefault\u00bb background_color=\u00bb#012340&#8243; saved_tabs=\u00bball\u00bb collapsed=\u00bbon\u00bb global_colors_info=\u00bb{}\u00bb][et_pb_row column_structure=\u00bb1_3,2_3&#8243; _builder_version=\u00bb4.19.2&#8243; _module_preset=\u00bbdefault\u00bb global_colors_info=\u00bb{}\u00bb][et_pb_column type=\u00bb1_3&#8243; _builder_version=\u00bb4.19.2&#8243; _module_preset=\u00bbdefault\u00bb custom_padding_tablet=\u00bb||30px||false|false\u00bb custom_padding_phone=\u00bb\u00bb custom_padding_last_edited=\u00bbon|tablet\u00bb global_colors_info=\u00bb{}\u00bb][et_pb_text _builder_version=\u00bb4.27.5&#8243; _module_preset=\u00bb01230a93-9b16-4138-ba4f-57ba099b7e48&#8243; custom_margin=\u00bb||10px||false|false\u00bb global_colors_info=\u00bb{}\u00bb]<\/p>\n<h3>Preguntas Frecuentes<\/h3>\n<p>[\/et_pb_text][et_pb_text _builder_version=\u00bb4.19.2&#8243; _module_preset=\u00bbc7bc7ce1-7046-428b-91a3-039b4f582e78&#8243; global_colors_info=\u00bb{}\u00bb]<\/p>\n<p><strong data-start=\"2754\" data-end=\"2801\">CONAISA \u2013 Soluciones Ambientales Integrales<\/strong><br data-start=\"2801\" data-end=\"2804\" \/>Protegiendo el agua, el aire y los suelos mediante tecnolog\u00eda limpia y modelos de desarrollo sostenible.<\/p>\n<p>[\/et_pb_text][et_pb_button _builder_version=\u00bb4.27.5&#8243; _module_preset=\u00bbec400347-1084-4dae-bb6a-6fa52587f9c5&#8243; button_icon=\u00bb&#xf061;||fa||900&#8243; global_colors_info=\u00bb{}\u00bb][\/et_pb_button][\/et_pb_column][et_pb_column type=\u00bb2_3&#8243; _builder_version=\u00bb4.19.2&#8243; _module_preset=\u00bbdefault\u00bb global_colors_info=\u00bb{}\u00bb][et_pb_text _builder_version=\u00bb4.27.5&#8243; _module_preset=\u00bb03946860-82ae-47d6-ba1e-00cb1d2766e9&#8243; custom_margin=\u00bb||0px||false|false\u00bb global_colors_info=\u00bb{}\u00bb]<\/p>\n<h4>\u00bfQu\u00e9 tipo de soluciones ambientales ofrece CONAISA?<\/h4>\n<p>[\/et_pb_text][et_pb_text _builder_version=\u00bb4.27.5&#8243; _module_preset=\u00bbc7bc7ce1-7046-428b-91a3-039b4f582e78&#8243; global_colors_info=\u00bb{}\u00bb]<\/p>\n<p>Desarrollamos proyectos integrales que incluyen gesti\u00f3n de desechos, econom\u00eda circular, educaci\u00f3n ambiental, consultor\u00eda t\u00e9cnica y plantas de valorizaci\u00f3n energ\u00e9tica y tratamiento avanzado.<\/p>\n<p>[\/et_pb_text][et_pb_text _builder_version=\u00bb4.27.5&#8243; _module_preset=\u00bb03946860-82ae-47d6-ba1e-00cb1d2766e9&#8243; custom_margin=\u00bb||0px||false|false\u00bb global_colors_info=\u00bb{}\u00bb]<\/p>\n<h4>\u00bfEn qu\u00e9 pa\u00edses opera CONAISA?<\/h4>\n<p>[\/et_pb_text][et_pb_text _builder_version=\u00bb4.19.2&#8243; _module_preset=\u00bbc7bc7ce1-7046-428b-91a3-039b4f582e78&#8243; global_colors_info=\u00bb{}\u00bb]<\/p>\n<p>Tenemos proyectos activos y en desarrollo en Am\u00e9rica Latina y el Caribe, incluyendo Per\u00fa, Honduras, Colombia, Costa Rica, Guatemala, Panam\u00e1 y otros pa\u00edses con procesos de negociaci\u00f3n.<\/p>\n<p>[\/et_pb_text][et_pb_text _builder_version=\u00bb4.19.2&#8243; _module_preset=\u00bb03946860-82ae-47d6-ba1e-00cb1d2766e9&#8243; custom_margin=\u00bb||0px||false|false\u00bb global_colors_info=\u00bb{}\u00bb]<\/p>\n<h4>\u00bfAtendemos a municipalidades peque\u00f1as o solo grandes territorios?<\/h4>\n<p>[\/et_pb_text][et_pb_text _builder_version=\u00bb4.19.2&#8243; _module_preset=\u00bbc7bc7ce1-7046-428b-91a3-039b4f582e78&#8243; global_colors_info=\u00bb{}\u00bb]<\/p>\n<p>Trabajamos con municipios de cualquier tama\u00f1o, siempre adaptando el modelo tecnol\u00f3gico y operativo a las necesidades del territorio.<\/p>\n<p>[\/et_pb_text][et_pb_text _builder_version=\u00bb4.27.5&#8243; _module_preset=\u00bb03946860-82ae-47d6-ba1e-00cb1d2766e9&#8243; custom_margin=\u00bb||0px||false|false\u00bb global_colors_info=\u00bb{}\u00bb]<\/p>\n<h4>\u00bfBrindan acompa\u00f1amiento t\u00e9cnico y capacitaci\u00f3n?<\/h4>\n<p>[\/et_pb_text][et_pb_text _builder_version=\u00bb4.19.2&#8243; _module_preset=\u00bbc7bc7ce1-7046-428b-91a3-039b4f582e78&#8243; global_colors_info=\u00bb{}\u00bb]<\/p>\n<p>S\u00ed. Incluimos programas de formaci\u00f3n para funcionarios municipales, operarios y comunidades.<\/p>\n<p>[\/et_pb_text][\/et_pb_column][\/et_pb_row][\/et_pb_section]<\/p>\n","protected":false},"excerpt":{"rendered":"<p>Cont\u00e1ctanosComplete el siguiente formulario y uno de nuestros especialistas le responder\u00e1 a la mayor brevedad.Ronald Fallas Sanchez Presidenterfallas@conaisa.org+ 506 6080 1608Carlos Solano Z\u00fa\u00f1iga Director\u00a0csolano@conaisa.org+ 506 6358 8794Jose Luis Loria Ch\u00e1vez Director\u00a0jloria@conaisa.orgJose Manuel Alvarez Cruz Financierojalvarez@conaisa.orgRicardo Brown Ara\u00faz Gerente pa\u00eds \u00a0rbrown@conaisa.org+ 507 6670 7985Francisco Altamirano Relaciones publicas \u00a0faltamirano@conaisa.orgPreguntas FrecuentesCONAISA \u2013 Soluciones Ambientales IntegralesProtegiendo el agua, el [&hellip;]<\/p>\n","protected":false},"author":1,"featured_media":0,"parent":0,"menu_order":0,"comment_status":"closed","ping_status":"closed","template":"","meta":{"_et_pb_use_builder":"on","_et_pb_old_content":"","_et_gb_content_width":"","footnotes":""},"class_list":["post-250604","page","type-page","status-publish","hentry"],"_links":{"self":[{"href":"https:\/\/conaisa.org\/index.php?rest_route=\/wp\/v2\/pages\/250604","targetHints":{"allow":["GET"]}}],"collection":[{"href":"https:\/\/conaisa.org\/index.php?rest_route=\/wp\/v2\/pages"}],"about":[{"href":"https:\/\/conaisa.org\/index.php?rest_route=\/wp\/v2\/types\/page"}],"author":[{"embeddable":true,"href":"https:\/\/conaisa.org\/index.php?rest_route=\/wp\/v2\/users\/1"}],"replies":[{"embeddable":true,"href":"https:\/\/conaisa.org\/index.php?rest_route=%2Fwp%2Fv2%2Fcomments&post=250604"}],"version-history":[{"count":7,"href":"https:\/\/conaisa.org\/index.php?rest_route=\/wp\/v2\/pages\/250604\/revisions"}],"predecessor-version":[{"id":250631,"href":"https:\/\/conaisa.org\/index.php?rest_route=\/wp\/v2\/pages\/250604\/revisions\/250631"}],"wp:attachment":[{"href":"https:\/\/conaisa.org\/index.php?rest_route=%2Fwp%2Fv2%2Fmedia&parent=250604"}],"curies":[{"name":"wp","href":"https:\/\/api.w.org\/{rel}","templated":true}]}}